{"id":85,"date":"2015-02-19T08:09:50","date_gmt":"2015-02-19T07:09:50","guid":{"rendered":"http:\/\/fontmartel.com\/?page_id=85"},"modified":"2021-12-23T17:19:43","modified_gmt":"2021-12-23T16:19:43","slug":"lpo","status":"publish","type":"page","link":"https:\/\/fontmartel.com\/en\/lpo\/","title":{"rendered":"LPO"},"content":{"rendered":"<div data-elementor-type=\"wp-page\" data-elementor-id=\"85\" class=\"elementor elementor-85\">\n\t\t\t\t\t\t<section class=\"elementor-section elementor-top-section elementor-element elementor-element-f2d28cc elementor-section-boxed elementor-section-height-default elementor-section-height-default\" data-id=\"f2d28cc\" data-element_type=\"section\">\n\t\t\t\t\t\t<div class=\"elementor-container elementor-column-gap-default\">\n\t\t\t\t\t<div class=\"elementor-column elementor-col-100 elementor-top-column elementor-element elementor-element-adcb294\" data-id=\"adcb294\" data-element_type=\"column\">\n\t\t\t<div class=\"elementor-widget-wrap elementor-element-populated\">\n\t\t\t\t\t\t<div class=\"elementor-element elementor-element-73e5688 elementor-widget elementor-widget-heading\" data-id=\"73e5688\" data-element_type=\"widget\" data-widget_type=\"heading.default\">\n\t\t\t\t<div class=\"elementor-widget-container\">\n\t\t\t\t\t<h2 class=\"elementor-heading-title elementor-size-medium\">Ligue de protection des oiseaux<\/h2>\t\t\t\t<\/div>\n\t\t\t\t<\/div>\n\t\t\t\t<div class=\"elementor-element elementor-element-a392b9f elementor-widget elementor-widget-text-editor\" data-id=\"a392b9f\" data-element_type=\"widget\" data-widget_type=\"text-editor.default\">\n\t\t\t\t<div class=\"elementor-widget-container\">\n\t\t\t\t\t\t\t\t\t<p>League for the protection of birds, from January 2021, Form Martel is a refuge\u00a0<a style=\"font-family: 'Merriweather Sans', sans-serif;font-size: medium;font-style: normal;font-weight: 200\" href=\"https:\/\/www.lpo.fr\/\"><strong>LPO<\/strong><\/a>the name is \u2018Cheep Cheep\u2019. The\u00a0<strong style=\"font-family: inherit;font-size: inherit;font-style: inherit\">LPO\u00a0<\/strong>is an association law 1901 created in 1912.<br \/>Elle a pour but d\u2019agir pour l\u2019oiseau, la faune sauvage, la nature, et de lutter contre le d\u00e9clin de la biodiversit\u00e9, par la connaissance et la protection. Le programme Refuge\u00a0<strong style=\"font-family: inherit;font-size: inherit;font-style: inherit\">LPO<\/strong>, a pour objectif de pr\u00e9server et d&rsquo;am\u00e9liorer la nature de proximit\u00e9.<\/p>\t\t\t\t\t\t\t\t<\/div>\n\t\t\t\t<\/div>\n\t\t\t\t\t<\/div>\n\t\t<\/div>\n\t\t\t\t\t<\/div>\n\t\t<\/section>\n\t\t\t\t<section class=\"elementor-section elementor-top-section elementor-element elementor-element-d3675fa elementor-section-boxed elementor-section-height-default elementor-section-height-default\" data-id=\"d3675fa\" data-element_type=\"section\">\n\t\t\t\t\t\t<div class=\"elementor-container elementor-column-gap-default\">\n\t\t\t\t\t<div class=\"elementor-column elementor-col-50 elementor-top-column elementor-element elementor-element-6f70938\" data-id=\"6f70938\" data-element_type=\"column\">\n\t\t\t<div class=\"elementor-widget-wrap elementor-element-populated\">\n\t\t\t\t\t\t<div class=\"elementor-element elementor-element-8b59541 elementor-widget elementor-widget-image\" data-id=\"8b59541\" data-element_type=\"widget\" data-widget_type=\"image.default\">\n\t\t\t\t<div class=\"elementor-widget-container\">\n\t\t\t\t\t\t\t\t\t\t\t\t\t\t\t<img fetchpriority=\"high\" decoding=\"async\" width=\"320\" height=\"240\" src=\"https:\/\/fontmartel.com\/wp-content\/uploads\/2021\/03\/font-martel-cevennes-gite-lpo-mesanges.jpeg\" class=\"attachment-large size-large wp-image-642\" alt=\"Mesange Font Martel\" srcset=\"https:\/\/fontmartel.com\/wp-content\/uploads\/2021\/03\/font-martel-cevennes-gite-lpo-mesanges.jpeg 320w, https:\/\/fontmartel.com\/wp-content\/uploads\/2021\/03\/font-martel-cevennes-gite-lpo-mesanges-300x225.jpeg 300w, https:\/\/fontmartel.com\/wp-content\/uploads\/2021\/03\/font-martel-cevennes-gite-lpo-mesanges-100x75.jpeg 100w\" sizes=\"(max-width: 320px) 85vw, 320px\" \/>\t\t\t\t\t\t\t\t\t\t\t\t\t\t\t<\/div>\n\t\t\t\t<\/div>\n\t\t\t\t\t<\/div>\n\t\t<\/div>\n\t\t\t\t<div class=\"elementor-column elementor-col-50 elementor-top-column elementor-element elementor-element-ee3c10a\" data-id=\"ee3c10a\" data-element_type=\"column\">\n\t\t\t<div class=\"elementor-widget-wrap elementor-element-populated\">\n\t\t\t\t\t\t<div class=\"elementor-element elementor-element-eb47691 elementor-widget elementor-widget-image\" data-id=\"eb47691\" data-element_type=\"widget\" data-widget_type=\"image.default\">\n\t\t\t\t<div class=\"elementor-widget-container\">\n\t\t\t\t\t\t\t\t\t\t\t\t\t\t\t<img decoding=\"async\" width=\"320\" height=\"240\" src=\"https:\/\/fontmartel.com\/wp-content\/uploads\/2021\/03\/font-martel-cevennes-gite-lpo-mesanges-naissance-oiseaux.jpeg\" class=\"attachment-large size-large wp-image-643\" alt=\"Naissance Mesange Font Martel\" srcset=\"https:\/\/fontmartel.com\/wp-content\/uploads\/2021\/03\/font-martel-cevennes-gite-lpo-mesanges-naissance-oiseaux.jpeg 320w, https:\/\/fontmartel.com\/wp-content\/uploads\/2021\/03\/font-martel-cevennes-gite-lpo-mesanges-naissance-oiseaux-300x225.jpeg 300w, https:\/\/fontmartel.com\/wp-content\/uploads\/2021\/03\/font-martel-cevennes-gite-lpo-mesanges-naissance-oiseaux-100x75.jpeg 100w\" sizes=\"(max-width: 320px) 85vw, 320px\" \/>\t\t\t\t\t\t\t\t\t\t\t\t\t\t\t<\/div>\n\t\t\t\t<\/div>\n\t\t\t\t\t<\/div>\n\t\t<\/div>\n\t\t\t\t\t<\/div>\n\t\t<\/section>\n\t\t\t\t<\/div>","protected":false},"excerpt":{"rendered":"<p>Ligue de protection des oiseaux Ligue de protection des oiseaux, depuis Janvier 2021, Font &nbsp;Martel est refuge&nbsp;LPO, le nom est \u2018Piou Piou\u2019. La&nbsp;LPO&nbsp;est une association loi 1901, cr\u00e9e en 1912. Elle a pour but d\u2019agir pour l\u2019oiseau, la faune sauvage, la nature, et de lutter contre le d\u00e9clin de la biodiversit\u00e9, par la connaissance et &hellip; <a href=\"https:\/\/fontmartel.com\/en\/lpo\/\" class=\"more-link\">Continue reading<span class=\"screen-reader-text\"> \u00ab\u00a0LPO\u00a0\u00bb<\/span><\/a><\/p>","protected":false},"author":2,"featured_media":0,"parent":0,"menu_order":0,"comment_status":"closed","ping_status":"closed","template":"","meta":{"footnotes":""},"class_list":["post-85","page","type-page","status-publish","hentry"],"yoast_head":"<!-- This site is optimized with the Yoast SEO plugin v26.0 - https:\/\/yoast.com\/wordpress\/plugins\/seo\/ -->\n<title>LPO - G\u00eete et Cabanes en C\u00e9vennes - Font Martel<\/title>\n<meta name=\"description\" content=\"G\u00eete et Cabanes en C\u00e9vennes - Font Martel - LPO depuis Janvier 2021, Font Martel est refuge LPO Ligue de protection des oiseaux elle a pour but d\u2019agir pour l\u2019oiseau\" \/>\n<meta name=\"robots\" content=\"index, follow, max-snippet:-1, max-image-preview:large, max-video-preview:-1\" \/>\n<link rel=\"canonical\" href=\"https:\/\/fontmartel.com\/en\/lpo\/\" \/>\n<meta property=\"og:locale\" content=\"en_US\" \/>\n<meta property=\"og:type\" content=\"article\" \/>\n<meta property=\"og:title\" content=\"LPO - G\u00eete et Cabanes en C\u00e9vennes - Font Martel\" \/>\n<meta property=\"og:description\" content=\"G\u00eete et Cabanes en C\u00e9vennes - Font Martel - LPO depuis Janvier 2021, Font Martel est refuge LPO Ligue de protection des oiseaux elle a pour but d\u2019agir pour l\u2019oiseau\" \/>\n<meta property=\"og:url\" content=\"https:\/\/fontmartel.com\/en\/lpo\/\" \/>\n<meta property=\"og:site_name\" content=\"G\u00eete et Cabanes en C\u00e9vennes - Font Martel\" \/>\n<meta property=\"article:modified_time\" content=\"2021-12-23T16:19:43+00:00\" \/>\n<meta property=\"og:image\" content=\"http:\/\/fontmartel.com\/wp-content\/uploads\/2021\/03\/font-martel-cevennes-gite-lpo-mesanges.jpeg\" \/>\n<meta name=\"twitter:card\" content=\"summary_large_image\" \/>\n<meta name=\"twitter:label1\" content=\"Est. reading time\" \/>\n\t<meta name=\"twitter:data1\" content=\"1 minute\" \/>\n<script type=\"application\/ld+json\" class=\"yoast-schema-graph\">{\"@context\":\"https:\/\/schema.org\",\"@graph\":[{\"@type\":\"WebPage\",\"@id\":\"https:\/\/fontmartel.com\/lpo\/\",\"url\":\"https:\/\/fontmartel.com\/lpo\/\",\"name\":\"LPO - G\u00eete et Cabanes en C\u00e9vennes - Font Martel\",\"isPartOf\":{\"@id\":\"https:\/\/fontmartel.com\/#website\"},\"primaryImageOfPage\":{\"@id\":\"https:\/\/fontmartel.com\/lpo\/#primaryimage\"},\"image\":{\"@id\":\"https:\/\/fontmartel.com\/lpo\/#primaryimage\"},\"thumbnailUrl\":\"http:\/\/fontmartel.com\/wp-content\/uploads\/2021\/03\/font-martel-cevennes-gite-lpo-mesanges.jpeg\",\"datePublished\":\"2015-02-19T07:09:50+00:00\",\"dateModified\":\"2021-12-23T16:19:43+00:00\",\"description\":\"G\u00eete et Cabanes en C\u00e9vennes - Font Martel - LPO depuis Janvier 2021, Font Martel est refuge LPO Ligue de protection des oiseaux elle a pour but d\u2019agir pour l\u2019oiseau\",\"breadcrumb\":{\"@id\":\"https:\/\/fontmartel.com\/lpo\/#breadcrumb\"},\"inLanguage\":\"en-US\",\"potentialAction\":[{\"@type\":\"ReadAction\",\"target\":[\"https:\/\/fontmartel.com\/lpo\/\"]}]},{\"@type\":\"ImageObject\",\"inLanguage\":\"en-US\",\"@id\":\"https:\/\/fontmartel.com\/lpo\/#primaryimage\",\"url\":\"http:\/\/fontmartel.com\/wp-content\/uploads\/2021\/03\/font-martel-cevennes-gite-lpo-mesanges.jpeg\",\"contentUrl\":\"http:\/\/fontmartel.com\/wp-content\/uploads\/2021\/03\/font-martel-cevennes-gite-lpo-mesanges.jpeg\"},{\"@type\":\"BreadcrumbList\",\"@id\":\"https:\/\/fontmartel.com\/lpo\/#breadcrumb\",\"itemListElement\":[{\"@type\":\"ListItem\",\"position\":1,\"name\":\"Accueil\",\"item\":\"https:\/\/fontmartel.com\/\"},{\"@type\":\"ListItem\",\"position\":2,\"name\":\"LPO\"}]},{\"@type\":\"WebSite\",\"@id\":\"https:\/\/fontmartel.com\/#website\",\"url\":\"https:\/\/fontmartel.com\/\",\"name\":\"G\u00eete et Cabanes en C\u00e9vennes - Font Martel\",\"description\":\"s\u00e9jour insolite en couple dans parc national des C\u00e9vennes\",\"publisher\":{\"@id\":\"https:\/\/fontmartel.com\/#organization\"},\"potentialAction\":[{\"@type\":\"SearchAction\",\"target\":{\"@type\":\"EntryPoint\",\"urlTemplate\":\"https:\/\/fontmartel.com\/?s={search_term_string}\"},\"query-input\":{\"@type\":\"PropertyValueSpecification\",\"valueRequired\":true,\"valueName\":\"search_term_string\"}}],\"inLanguage\":\"en-US\"},{\"@type\":\"Organization\",\"@id\":\"https:\/\/fontmartel.com\/#organization\",\"name\":\"Font Martel\",\"alternateName\":\"Font Martel\",\"url\":\"https:\/\/fontmartel.com\/\",\"logo\":{\"@type\":\"ImageObject\",\"inLanguage\":\"en-US\",\"@id\":\"https:\/\/fontmartel.com\/#\/schema\/logo\/image\/\",\"url\":\"https:\/\/fontmartel.com\/wp-content\/uploads\/2023\/09\/logo-img.png\",\"contentUrl\":\"https:\/\/fontmartel.com\/wp-content\/uploads\/2023\/09\/logo-img.png\",\"width\":87,\"height\":88,\"caption\":\"Font Martel\"},\"image\":{\"@id\":\"https:\/\/fontmartel.com\/#\/schema\/logo\/image\/\"}}]}<\/script>\n<!-- \/ Yoast SEO plugin. -->","yoast_head_json":{"title":"LPO - G\u00eete et Cabanes en C\u00e9vennes - Font Martel","description":"G\u00eete et Cabanes en C\u00e9vennes - Font Martel - LPO depuis Janvier 2021, Font Martel est refuge LPO Ligue de protection des oiseaux elle a pour but d\u2019agir pour l\u2019oiseau","robots":{"index":"index","follow":"follow","max-snippet":"max-snippet:-1","max-image-preview":"max-image-preview:large","max-video-preview":"max-video-preview:-1"},"canonical":"https:\/\/fontmartel.com\/en\/lpo\/","og_locale":"en_US","og_type":"article","og_title":"LPO - G\u00eete et Cabanes en C\u00e9vennes - Font Martel","og_description":"G\u00eete et Cabanes en C\u00e9vennes - Font Martel - LPO depuis Janvier 2021, Font Martel est refuge LPO Ligue de protection des oiseaux elle a pour but d\u2019agir pour l\u2019oiseau","og_url":"https:\/\/fontmartel.com\/en\/lpo\/","og_site_name":"G\u00eete et Cabanes en C\u00e9vennes - Font Martel","article_modified_time":"2021-12-23T16:19:43+00:00","og_image":[{"url":"http:\/\/fontmartel.com\/wp-content\/uploads\/2021\/03\/font-martel-cevennes-gite-lpo-mesanges.jpeg","type":"","width":"","height":""}],"twitter_card":"summary_large_image","twitter_misc":{"Est. reading time":"1 minute"},"schema":{"@context":"https:\/\/schema.org","@graph":[{"@type":"WebPage","@id":"https:\/\/fontmartel.com\/lpo\/","url":"https:\/\/fontmartel.com\/lpo\/","name":"LPO - G\u00eete et Cabanes en C\u00e9vennes - Font Martel","isPartOf":{"@id":"https:\/\/fontmartel.com\/#website"},"primaryImageOfPage":{"@id":"https:\/\/fontmartel.com\/lpo\/#primaryimage"},"image":{"@id":"https:\/\/fontmartel.com\/lpo\/#primaryimage"},"thumbnailUrl":"http:\/\/fontmartel.com\/wp-content\/uploads\/2021\/03\/font-martel-cevennes-gite-lpo-mesanges.jpeg","datePublished":"2015-02-19T07:09:50+00:00","dateModified":"2021-12-23T16:19:43+00:00","description":"G\u00eete et Cabanes en C\u00e9vennes - Font Martel - LPO depuis Janvier 2021, Font Martel est refuge LPO Ligue de protection des oiseaux elle a pour but d\u2019agir pour l\u2019oiseau","breadcrumb":{"@id":"https:\/\/fontmartel.com\/lpo\/#breadcrumb"},"inLanguage":"en-US","potentialAction":[{"@type":"ReadAction","target":["https:\/\/fontmartel.com\/lpo\/"]}]},{"@type":"ImageObject","inLanguage":"en-US","@id":"https:\/\/fontmartel.com\/lpo\/#primaryimage","url":"http:\/\/fontmartel.com\/wp-content\/uploads\/2021\/03\/font-martel-cevennes-gite-lpo-mesanges.jpeg","contentUrl":"http:\/\/fontmartel.com\/wp-content\/uploads\/2021\/03\/font-martel-cevennes-gite-lpo-mesanges.jpeg"},{"@type":"BreadcrumbList","@id":"https:\/\/fontmartel.com\/lpo\/#breadcrumb","itemListElement":[{"@type":"ListItem","position":1,"name":"Accueil","item":"https:\/\/fontmartel.com\/"},{"@type":"ListItem","position":2,"name":"LPO"}]},{"@type":"WebSite","@id":"https:\/\/fontmartel.com\/#website","url":"https:\/\/fontmartel.com\/","name":"G\u00eete et Cabanes en C\u00e9vennes - Font Martel","description":"s\u00e9jour insolite en couple dans parc national des C\u00e9vennes","publisher":{"@id":"https:\/\/fontmartel.com\/#organization"},"potentialAction":[{"@type":"SearchAction","target":{"@type":"EntryPoint","urlTemplate":"https:\/\/fontmartel.com\/?s={search_term_string}"},"query-input":{"@type":"PropertyValueSpecification","valueRequired":true,"valueName":"search_term_string"}}],"inLanguage":"en-US"},{"@type":"Organization","@id":"https:\/\/fontmartel.com\/#organization","name":"Font Martel","alternateName":"Font Martel","url":"https:\/\/fontmartel.com\/","logo":{"@type":"ImageObject","inLanguage":"en-US","@id":"https:\/\/fontmartel.com\/#\/schema\/logo\/image\/","url":"https:\/\/fontmartel.com\/wp-content\/uploads\/2023\/09\/logo-img.png","contentUrl":"https:\/\/fontmartel.com\/wp-content\/uploads\/2023\/09\/logo-img.png","width":87,"height":88,"caption":"Font Martel"},"image":{"@id":"https:\/\/fontmartel.com\/#\/schema\/logo\/image\/"}}]}},"_links":{"self":[{"href":"https:\/\/fontmartel.com\/en\/wp-json\/wp\/v2\/pages\/85","targetHints":{"allow":["GET"]}}],"collection":[{"href":"https:\/\/fontmartel.com\/en\/wp-json\/wp\/v2\/pages"}],"about":[{"href":"https:\/\/fontmartel.com\/en\/wp-json\/wp\/v2\/types\/page"}],"author":[{"embeddable":true,"href":"https:\/\/fontmartel.com\/en\/wp-json\/wp\/v2\/users\/2"}],"replies":[{"embeddable":true,"href":"https:\/\/fontmartel.com\/en\/wp-json\/wp\/v2\/comments?post=85"}],"version-history":[{"count":124,"href":"https:\/\/fontmartel.com\/en\/wp-json\/wp\/v2\/pages\/85\/revisions"}],"predecessor-version":[{"id":1313,"href":"https:\/\/fontmartel.com\/en\/wp-json\/wp\/v2\/pages\/85\/revisions\/1313"}],"wp:attachment":[{"href":"https:\/\/fontmartel.com\/en\/wp-json\/wp\/v2\/media?parent=85"}],"curies":[{"name":"wp","href":"https:\/\/api.w.org\/{rel}","templated":true}]}}