{"id":852,"date":"2021-08-30T13:50:53","date_gmt":"2021-08-30T12:50:53","guid":{"rendered":"https:\/\/fontmartel.com\/?page_id=852"},"modified":"2021-10-25T13:07:29","modified_gmt":"2021-10-25T12:07:29","slug":"mentions-legales","status":"publish","type":"page","link":"https:\/\/fontmartel.com\/en\/mentions-legales\/","title":{"rendered":"Mentions l\u00e9gales"},"content":{"rendered":"<h1 class=\"western\">Mentions l\u00e9gales<\/h1>\n<p><strong><b>Gite et Cabanes Font Martel<\/b><\/strong><br \/>\nSIRET : N\u00b080838497800017<br \/>\nAPE : 5520Z<br \/>\nAdresse : LE FONT MARTEL 48160 SAINT-HILAIRE<\/p>\n<p><strong>Site web<\/strong><br \/>\nLe site <a href=\"https:\/\/fontmartel.com\/en\/\">fontmartel.com<\/a> est administr\u00e9 par la soci\u00e9t\u00e9 <a href=\"http:\/\/www.lopia.fr\/\">LOPIA #ExpertWeb<\/a><\/p>\n<p><strong>H\u00e9bergeur :<\/strong><\/p>\n<p><a href=\"https:\/\/www.ionos.fr\/\">IONIS<\/a><br \/>\n1 &amp; 1 <b>IONOS<\/b> SARL<br \/>\nSIRET&nbsp;: 431 303 775 00016<br \/>\nRCS 431&nbsp;303&nbsp;775 Sarreguemines<br \/>\nCode APE&nbsp;: 6311Z<br \/>\nSi\u00e8ge social : 7, place de la Gare, BP 70109, 57200 Sarreguemines Cedex France<br \/>\nt\u00e9l.&nbsp;: 0970 808&nbsp;911, info@IONOS.fr<br \/>\n<a href=\"http:\/\/www.ionos.fr\/\">www.ionos.fr<\/a><\/p>\n<p><strong>Directeur de la publication<\/strong> : <strong><b>FONT MARTEL<\/b><\/strong><\/p>\n<p><strong>Publications<\/strong><br \/>\nToutes les publications h\u00e9berg\u00e9es sur ce site web sont prot\u00e9g\u00e9es par le droit d\u2019auteur. Elles peuvent \u00eatre reproduites en partie \u00e0 la condition de citer <strong><b>fontmartel.com<\/b><\/strong> auteur et d\u2019indiquer l\u2019adresse <a href=\"https:\/\/fontmartel.com\/en\/\">fontmartel.com<\/a> . Pour toute information compl\u00e9mentaire, vous pouvez contacter <strong><b>fontmartel.com<\/b><\/strong> par mail \u00e0 l\u2019adresse <a href=\"mailto:nadettegros@gmail.com\">nadettegros@gmail.com<\/a>.<\/p>","protected":false},"excerpt":{"rendered":"<p>Mentions l\u00e9gales Gite et Cabanes Font Martel SIRET : N\u00b080838497800017 APE : 5520Z Adresse : LE FONT MARTEL 48160 SAINT-HILAIRE Site web Le site fontmartel.com est administr\u00e9 par la soci\u00e9t\u00e9 LOPIA #ExpertWeb H\u00e9bergeur : IONIS 1 &amp; 1 IONOS SARL SIRET&nbsp;: 431 303 775 00016 RCS 431&nbsp;303&nbsp;775 Sarreguemines Code APE&nbsp;: 6311Z Si\u00e8ge social : 7, &hellip; <a href=\"https:\/\/fontmartel.com\/en\/mentions-legales\/\" class=\"more-link\">Continue reading<span class=\"screen-reader-text\"> \u00ab\u00a0Mentions l\u00e9gales\u00a0\u00bb<\/span><\/a><\/p>","protected":false},"author":2,"featured_media":0,"parent":0,"menu_order":0,"comment_status":"closed","ping_status":"closed","template":"","meta":{"footnotes":""},"class_list":["post-852","page","type-page","status-publish","hentry"],"yoast_head":"<!-- This site is optimized with the Yoast SEO plugin v26.0 - https:\/\/yoast.com\/wordpress\/plugins\/seo\/ -->\n<title>Mentions l\u00e9gales - G\u00eete et Cabanes en C\u00e9vennes - Font Martel<\/title>\n<meta name=\"robots\" content=\"index, follow, max-snippet:-1, max-image-preview:large, max-video-preview:-1\" \/>\n<link rel=\"canonical\" href=\"https:\/\/fontmartel.com\/en\/mentions-legales\/\" \/>\n<meta property=\"og:locale\" content=\"en_US\" \/>\n<meta property=\"og:type\" content=\"article\" \/>\n<meta property=\"og:title\" content=\"Mentions l\u00e9gales - G\u00eete et Cabanes en C\u00e9vennes - Font Martel\" \/>\n<meta property=\"og:description\" content=\"Mentions l\u00e9gales Gite et Cabanes Font Martel SIRET : N\u00b080838497800017 APE : 5520Z Adresse : LE FONT MARTEL 48160 SAINT-HILAIRE Site web Le site fontmartel.com est administr\u00e9 par la soci\u00e9t\u00e9 LOPIA #ExpertWeb H\u00e9bergeur : IONIS 1 &amp; 1 IONOS SARL SIRET&nbsp;: 431 303 775 00016 RCS 431&nbsp;303&nbsp;775 Sarreguemines Code APE&nbsp;: 6311Z Si\u00e8ge social : 7, &hellip; Continue reading &quot;Mentions l\u00e9gales&quot;\" \/>\n<meta property=\"og:url\" content=\"https:\/\/fontmartel.com\/en\/mentions-legales\/\" \/>\n<meta property=\"og:site_name\" content=\"G\u00eete et Cabanes en C\u00e9vennes - Font Martel\" \/>\n<meta property=\"article:modified_time\" content=\"2021-10-25T12:07:29+00:00\" \/>\n<meta name=\"twitter:card\" content=\"summary_large_image\" \/>\n<meta name=\"twitter:label1\" content=\"Est. reading time\" \/>\n\t<meta name=\"twitter:data1\" content=\"1 minute\" \/>\n<script type=\"application\/ld+json\" class=\"yoast-schema-graph\">{\"@context\":\"https:\/\/schema.org\",\"@graph\":[{\"@type\":\"WebPage\",\"@id\":\"https:\/\/fontmartel.com\/mentions-legales\/\",\"url\":\"https:\/\/fontmartel.com\/mentions-legales\/\",\"name\":\"Mentions l\u00e9gales - G\u00eete et Cabanes en C\u00e9vennes - Font Martel\",\"isPartOf\":{\"@id\":\"https:\/\/fontmartel.com\/#website\"},\"datePublished\":\"2021-08-30T12:50:53+00:00\",\"dateModified\":\"2021-10-25T12:07:29+00:00\",\"breadcrumb\":{\"@id\":\"https:\/\/fontmartel.com\/mentions-legales\/#breadcrumb\"},\"inLanguage\":\"en-US\",\"potentialAction\":[{\"@type\":\"ReadAction\",\"target\":[\"https:\/\/fontmartel.com\/mentions-legales\/\"]}]},{\"@type\":\"BreadcrumbList\",\"@id\":\"https:\/\/fontmartel.com\/mentions-legales\/#breadcrumb\",\"itemListElement\":[{\"@type\":\"ListItem\",\"position\":1,\"name\":\"Accueil\",\"item\":\"https:\/\/fontmartel.com\/\"},{\"@type\":\"ListItem\",\"position\":2,\"name\":\"Mentions l\u00e9gales\"}]},{\"@type\":\"WebSite\",\"@id\":\"https:\/\/fontmartel.com\/#website\",\"url\":\"https:\/\/fontmartel.com\/\",\"name\":\"G\u00eete et Cabanes en C\u00e9vennes - Font Martel\",\"description\":\"s\u00e9jour insolite en couple dans parc national des C\u00e9vennes\",\"publisher\":{\"@id\":\"https:\/\/fontmartel.com\/#organization\"},\"potentialAction\":[{\"@type\":\"SearchAction\",\"target\":{\"@type\":\"EntryPoint\",\"urlTemplate\":\"https:\/\/fontmartel.com\/?s={search_term_string}\"},\"query-input\":{\"@type\":\"PropertyValueSpecification\",\"valueRequired\":true,\"valueName\":\"search_term_string\"}}],\"inLanguage\":\"en-US\"},{\"@type\":\"Organization\",\"@id\":\"https:\/\/fontmartel.com\/#organization\",\"name\":\"Font Martel\",\"alternateName\":\"Font Martel\",\"url\":\"https:\/\/fontmartel.com\/\",\"logo\":{\"@type\":\"ImageObject\",\"inLanguage\":\"en-US\",\"@id\":\"https:\/\/fontmartel.com\/#\/schema\/logo\/image\/\",\"url\":\"https:\/\/fontmartel.com\/wp-content\/uploads\/2023\/09\/logo-img.png\",\"contentUrl\":\"https:\/\/fontmartel.com\/wp-content\/uploads\/2023\/09\/logo-img.png\",\"width\":87,\"height\":88,\"caption\":\"Font Martel\"},\"image\":{\"@id\":\"https:\/\/fontmartel.com\/#\/schema\/logo\/image\/\"}}]}<\/script>\n<!-- \/ Yoast SEO plugin. -->","yoast_head_json":{"title":"Mentions l\u00e9gales - G\u00eete et Cabanes en C\u00e9vennes - Font Martel","robots":{"index":"index","follow":"follow","max-snippet":"max-snippet:-1","max-image-preview":"max-image-preview:large","max-video-preview":"max-video-preview:-1"},"canonical":"https:\/\/fontmartel.com\/en\/mentions-legales\/","og_locale":"en_US","og_type":"article","og_title":"Mentions l\u00e9gales - G\u00eete et Cabanes en C\u00e9vennes - Font Martel","og_description":"Mentions l\u00e9gales Gite et Cabanes Font Martel SIRET : N\u00b080838497800017 APE : 5520Z Adresse : LE FONT MARTEL 48160 SAINT-HILAIRE Site web Le site fontmartel.com est administr\u00e9 par la soci\u00e9t\u00e9 LOPIA #ExpertWeb H\u00e9bergeur : IONIS 1 &amp; 1 IONOS SARL SIRET&nbsp;: 431 303 775 00016 RCS 431&nbsp;303&nbsp;775 Sarreguemines Code APE&nbsp;: 6311Z Si\u00e8ge social : 7, &hellip; Continue reading \"Mentions l\u00e9gales\"","og_url":"https:\/\/fontmartel.com\/en\/mentions-legales\/","og_site_name":"G\u00eete et Cabanes en C\u00e9vennes - Font Martel","article_modified_time":"2021-10-25T12:07:29+00:00","twitter_card":"summary_large_image","twitter_misc":{"Est. reading time":"1 minute"},"schema":{"@context":"https:\/\/schema.org","@graph":[{"@type":"WebPage","@id":"https:\/\/fontmartel.com\/mentions-legales\/","url":"https:\/\/fontmartel.com\/mentions-legales\/","name":"Mentions l\u00e9gales - G\u00eete et Cabanes en C\u00e9vennes - Font Martel","isPartOf":{"@id":"https:\/\/fontmartel.com\/#website"},"datePublished":"2021-08-30T12:50:53+00:00","dateModified":"2021-10-25T12:07:29+00:00","breadcrumb":{"@id":"https:\/\/fontmartel.com\/mentions-legales\/#breadcrumb"},"inLanguage":"en-US","potentialAction":[{"@type":"ReadAction","target":["https:\/\/fontmartel.com\/mentions-legales\/"]}]},{"@type":"BreadcrumbList","@id":"https:\/\/fontmartel.com\/mentions-legales\/#breadcrumb","itemListElement":[{"@type":"ListItem","position":1,"name":"Accueil","item":"https:\/\/fontmartel.com\/"},{"@type":"ListItem","position":2,"name":"Mentions l\u00e9gales"}]},{"@type":"WebSite","@id":"https:\/\/fontmartel.com\/#website","url":"https:\/\/fontmartel.com\/","name":"G\u00eete et Cabanes en C\u00e9vennes - Font Martel","description":"s\u00e9jour insolite en couple dans parc national des C\u00e9vennes","publisher":{"@id":"https:\/\/fontmartel.com\/#organization"},"potentialAction":[{"@type":"SearchAction","target":{"@type":"EntryPoint","urlTemplate":"https:\/\/fontmartel.com\/?s={search_term_string}"},"query-input":{"@type":"PropertyValueSpecification","valueRequired":true,"valueName":"search_term_string"}}],"inLanguage":"en-US"},{"@type":"Organization","@id":"https:\/\/fontmartel.com\/#organization","name":"Font Martel","alternateName":"Font Martel","url":"https:\/\/fontmartel.com\/","logo":{"@type":"ImageObject","inLanguage":"en-US","@id":"https:\/\/fontmartel.com\/#\/schema\/logo\/image\/","url":"https:\/\/fontmartel.com\/wp-content\/uploads\/2023\/09\/logo-img.png","contentUrl":"https:\/\/fontmartel.com\/wp-content\/uploads\/2023\/09\/logo-img.png","width":87,"height":88,"caption":"Font Martel"},"image":{"@id":"https:\/\/fontmartel.com\/#\/schema\/logo\/image\/"}}]}},"_links":{"self":[{"href":"https:\/\/fontmartel.com\/en\/wp-json\/wp\/v2\/pages\/852","targetHints":{"allow":["GET"]}}],"collection":[{"href":"https:\/\/fontmartel.com\/en\/wp-json\/wp\/v2\/pages"}],"about":[{"href":"https:\/\/fontmartel.com\/en\/wp-json\/wp\/v2\/types\/page"}],"author":[{"embeddable":true,"href":"https:\/\/fontmartel.com\/en\/wp-json\/wp\/v2\/users\/2"}],"replies":[{"embeddable":true,"href":"https:\/\/fontmartel.com\/en\/wp-json\/wp\/v2\/comments?post=852"}],"version-history":[{"count":5,"href":"https:\/\/fontmartel.com\/en\/wp-json\/wp\/v2\/pages\/852\/revisions"}],"predecessor-version":[{"id":1205,"href":"https:\/\/fontmartel.com\/en\/wp-json\/wp\/v2\/pages\/852\/revisions\/1205"}],"wp:attachment":[{"href":"https:\/\/fontmartel.com\/en\/wp-json\/wp\/v2\/media?parent=852"}],"curies":[{"name":"wp","href":"https:\/\/api.w.org\/{rel}","templated":true}]}}