{"id":859,"date":"2021-08-30T16:01:06","date_gmt":"2021-08-30T15:01:06","guid":{"rendered":"https:\/\/fontmartel.com\/?page_id=859"},"modified":"2021-08-30T16:01:06","modified_gmt":"2021-08-30T15:01:06","slug":"politique-de-confidentialite","status":"publish","type":"page","link":"https:\/\/fontmartel.com\/en\/politique-de-confidentialite\/","title":{"rendered":"Privacy policy"},"content":{"rendered":"<h2 class=\"wp-block-heading\">Qui sommes-nous\u00a0?<\/h2>\r\n\r\n\r\n\r\n<p>G\u00eete et Cabanes FONT MARTEL l\u2019adresse de notre site est : <a href=\"https:\/\/fontmartel.com.\">https:\/\/fontmartel.com.<\/a><\/p>\r\n\r\n\r\n\r\n\r\n\r\n\r\n\r\n<h2 class=\"wp-block-heading\">Cookies<\/h2>\r\n\r\n\r\n\r\n\r\n\r\n<p>Si vous vous rendez sur le site un cookie sera cr\u00e9\u00e9,\u00a0 si vous cochez \u00ab<strong> J&rsquo;accepte<\/strong> \u00bb, un cookie <a href=\"https:\/\/www.google.fr\/analytics\/features\/analysis-tools.html\" target=\"_blank\" rel=\"noreferrer noopener\">Google Analytics<\/a>\u00a0 suppl\u00e9mentaire sera enregistr\u00e9 dans votre navigateur. Ce cookie sera conserv\u00e9 pendant un mois, sinon il sera effac\u00e9.<\/p>\r\n\r\n\r\n\r\n\r\n\r\n<h2 class=\"wp-block-heading\">Contenu embarqu\u00e9 depuis d\u2019autres sites<\/h2>\r\n\r\n\r\n\r\n<p>Les articles de ce site peuvent inclure des contenus int\u00e9gr\u00e9s (par exemple des vid\u00e9os, images, articles\u2026). Le contenu int\u00e9gr\u00e9 depuis d\u2019autres sites se comporte de la m\u00eame mani\u00e8re que si le visiteur se rendait sur cet autre site.<\/p>\r\n\r\n\r\n\r\n<p>Ces sites web pourraient collecter des donn\u00e9es sur vous, utiliser des cookies, embarquer des outils de suivis tiers, suivre vos interactions avec ces contenus embarqu\u00e9s si vous disposez d\u2019un compte connect\u00e9 sur leur site web.<\/p>\r\n\r\n\r\n\r\n<h2 class=\"wp-block-heading\">Utilisation et transmission de vos donn\u00e9es personnelles<\/h2>\r\n\r\n\r\n\r\n<h3>Statistiques et mesures d\u2019audience<\/h3>\r\n<p><a href=\"https:\/\/www.google.fr\/analytics\/features\/analysis-tools.html\" target=\"_blank\" rel=\"noreferrer noopener\">Pr\u00e9sentation de Google Analytics<\/a><\/p>\r\n<p>Ce site utilise Google Analytics, un service d\u2019analyse de site internet fourni par Google Inc. (\u00ab Google \u00bb). Google Analytics utilise des cookies , qui sont des fichiers texte plac\u00e9s sur votre ordinateur, pour aider le site internet \u00e0 analyser l\u2019utilisation du site par ses utilisateurs. Les donn\u00e9es g\u00e9n\u00e9r\u00e9es par les cookies concernant votre utilisation du site (y compris votre adresse IP) seront transmises et stock\u00e9es par Google sur des serveurs situ\u00e9s aux Etats-Unis. Google utilisera cette information dans le but d\u2019\u00e9valuer votre utilisation du site, de compiler des rapports sur l\u2019activit\u00e9 du site \u00e0 destination de son \u00e9diteur et de fournir d\u2019autres services relatifs \u00e0 l\u2019activit\u00e9 du site et \u00e0 l\u2019utilisation d\u2019Internet. Google est susceptible de communiquer ces donn\u00e9es \u00e0 des tiers en cas d\u2019obligation l\u00e9gale ou lorsque ces tiers traitent ces donn\u00e9es pour le compte de Google, y compris notamment l\u2019\u00e9diteur de ce site. Google ne recoupera pas votre adresse IP avec toute autre donn\u00e9e d\u00e9tenue par Google. Vous pouvez d\u00e9sactiver l\u2019utilisation de cookies en s\u00e9lectionnant les param\u00e8tres appropri\u00e9s de votre navigateur. Cependant, une telle d\u00e9sactivation pourrait emp\u00eacher l\u2019utilisation de certaines fonctionnalit\u00e9s de ce site. En utilisant ce site internet, vous consentez express\u00e9ment au traitement de vos donn\u00e9es nominatives par Google dans les conditions et pour les finalit\u00e9s d\u00e9crites ci-dessus.<\/p>\r\n\r\n\r\n\r\n\r\n\r\n<h2 class=\"wp-block-heading\">Rectification des informations nominatives collect\u00e9es<\/h2>\r\n<p>Conform\u00e9ment aux dispositions de l\u2019article 34 de la loi n\u00b0 48-87 du 6 janvier 1978, l\u2019utilisateur dispose d\u2019un droit de modification des donn\u00e9es nominatives collect\u00e9es le concernant. Pour ce faire, l\u2019utilisateur envoie \u00e0 FONT MARTEL :<br \/>\u2013 un courrier \u00e9lectronique en utilisant l\u2019adresse suivante : <a href=\"mailto:contact@fontmartel.com\">contact@fontmartel.com<\/a> en indiquant son nom ou sa raison sociale, ses coordonn\u00e9es physiques et\/ou \u00e9lectroniques, ainsi que le cas \u00e9ch\u00e9ant la r\u00e9f\u00e9rence dont il disposerait en tant qu\u2019utilisateur du site <a href=\"https:\/\/fontmartel.com\/en\/\">fontmartel.com<\/a>. La modification interviendra dans des d\u00e9lais raisonnables \u00e0 compter de la r\u00e9ception de la demande de l\u2019utilisateur.<\/p>\r\n\r\n\r\n\r\n<p>&nbsp;<\/p>","protected":false},"excerpt":{"rendered":"<p>Qui sommes-nous\u00a0? G\u00eete et Cabanes FONT MARTEL l\u2019adresse de notre site est : https:\/\/fontmartel.com. Cookies Si vous vous rendez sur le site un cookie sera cr\u00e9\u00e9,\u00a0 si vous cochez \u00ab J&rsquo;accepte \u00bb, un cookie Google Analytics\u00a0 suppl\u00e9mentaire sera enregistr\u00e9 dans votre navigateur. Ce cookie sera conserv\u00e9 pendant un mois, sinon il sera effac\u00e9. Contenu embarqu\u00e9 &hellip; <a href=\"https:\/\/fontmartel.com\/en\/politique-de-confidentialite\/\" class=\"more-link\">Continue reading<span class=\"screen-reader-text\"> \u00ab\u00a0Politique de confidentialit\u00e9\u00a0\u00bb<\/span><\/a><\/p>","protected":false},"author":2,"featured_media":0,"parent":0,"menu_order":0,"comment_status":"closed","ping_status":"closed","template":"","meta":{"footnotes":""},"class_list":["post-859","page","type-page","status-publish","hentry"],"yoast_head":"<!-- This site is optimized with the Yoast SEO plugin v26.0 - https:\/\/yoast.com\/wordpress\/plugins\/seo\/ -->\n<title>Politique de confidentialit\u00e9 - G\u00eete et Cabanes en C\u00e9vennes - Font Martel<\/title>\n<meta name=\"robots\" content=\"index, follow, max-snippet:-1, max-image-preview:large, max-video-preview:-1\" \/>\n<link rel=\"canonical\" href=\"https:\/\/fontmartel.com\/en\/politique-de-confidentialite\/\" \/>\n<meta property=\"og:locale\" content=\"en_US\" \/>\n<meta property=\"og:type\" content=\"article\" \/>\n<meta property=\"og:title\" content=\"Politique de confidentialit\u00e9 - G\u00eete et Cabanes en C\u00e9vennes - Font Martel\" \/>\n<meta property=\"og:description\" content=\"Qui sommes-nous\u00a0? G\u00eete et Cabanes FONT MARTEL l\u2019adresse de notre site est : https:\/\/fontmartel.com. Cookies Si vous vous rendez sur le site un cookie sera cr\u00e9\u00e9,\u00a0 si vous cochez \u00ab J&rsquo;accepte \u00bb, un cookie Google Analytics\u00a0 suppl\u00e9mentaire sera enregistr\u00e9 dans votre navigateur. Ce cookie sera conserv\u00e9 pendant un mois, sinon il sera effac\u00e9. Contenu embarqu\u00e9 &hellip; Continue reading &quot;Politique de confidentialit\u00e9&quot;\" \/>\n<meta property=\"og:url\" content=\"https:\/\/fontmartel.com\/en\/politique-de-confidentialite\/\" \/>\n<meta property=\"og:site_name\" content=\"G\u00eete et Cabanes en C\u00e9vennes - Font Martel\" \/>\n<meta name=\"twitter:card\" content=\"summary_large_image\" \/>\n<meta name=\"twitter:label1\" content=\"Est. reading time\" \/>\n\t<meta name=\"twitter:data1\" content=\"3 minutes\" \/>\n<script type=\"application\/ld+json\" class=\"yoast-schema-graph\">{\"@context\":\"https:\/\/schema.org\",\"@graph\":[{\"@type\":\"WebPage\",\"@id\":\"https:\/\/fontmartel.com\/politique-de-confidentialite\/\",\"url\":\"https:\/\/fontmartel.com\/politique-de-confidentialite\/\",\"name\":\"Politique de confidentialit\u00e9 - G\u00eete et Cabanes en C\u00e9vennes - Font Martel\",\"isPartOf\":{\"@id\":\"https:\/\/fontmartel.com\/#website\"},\"datePublished\":\"2021-08-30T15:01:06+00:00\",\"breadcrumb\":{\"@id\":\"https:\/\/fontmartel.com\/politique-de-confidentialite\/#breadcrumb\"},\"inLanguage\":\"en-US\",\"potentialAction\":[{\"@type\":\"ReadAction\",\"target\":[\"https:\/\/fontmartel.com\/politique-de-confidentialite\/\"]}]},{\"@type\":\"BreadcrumbList\",\"@id\":\"https:\/\/fontmartel.com\/politique-de-confidentialite\/#breadcrumb\",\"itemListElement\":[{\"@type\":\"ListItem\",\"position\":1,\"name\":\"Accueil\",\"item\":\"https:\/\/fontmartel.com\/\"},{\"@type\":\"ListItem\",\"position\":2,\"name\":\"Politique de confidentialit\u00e9\"}]},{\"@type\":\"WebSite\",\"@id\":\"https:\/\/fontmartel.com\/#website\",\"url\":\"https:\/\/fontmartel.com\/\",\"name\":\"G\u00eete et Cabanes en C\u00e9vennes - Font Martel\",\"description\":\"s\u00e9jour insolite en couple dans parc national des C\u00e9vennes\",\"publisher\":{\"@id\":\"https:\/\/fontmartel.com\/#organization\"},\"potentialAction\":[{\"@type\":\"SearchAction\",\"target\":{\"@type\":\"EntryPoint\",\"urlTemplate\":\"https:\/\/fontmartel.com\/?s={search_term_string}\"},\"query-input\":{\"@type\":\"PropertyValueSpecification\",\"valueRequired\":true,\"valueName\":\"search_term_string\"}}],\"inLanguage\":\"en-US\"},{\"@type\":\"Organization\",\"@id\":\"https:\/\/fontmartel.com\/#organization\",\"name\":\"Font Martel\",\"alternateName\":\"Font Martel\",\"url\":\"https:\/\/fontmartel.com\/\",\"logo\":{\"@type\":\"ImageObject\",\"inLanguage\":\"en-US\",\"@id\":\"https:\/\/fontmartel.com\/#\/schema\/logo\/image\/\",\"url\":\"https:\/\/fontmartel.com\/wp-content\/uploads\/2023\/09\/logo-img.png\",\"contentUrl\":\"https:\/\/fontmartel.com\/wp-content\/uploads\/2023\/09\/logo-img.png\",\"width\":87,\"height\":88,\"caption\":\"Font Martel\"},\"image\":{\"@id\":\"https:\/\/fontmartel.com\/#\/schema\/logo\/image\/\"}}]}<\/script>\n<!-- \/ Yoast SEO plugin. -->","yoast_head_json":{"title":"Politique de confidentialit\u00e9 - G\u00eete et Cabanes en C\u00e9vennes - Font Martel","robots":{"index":"index","follow":"follow","max-snippet":"max-snippet:-1","max-image-preview":"max-image-preview:large","max-video-preview":"max-video-preview:-1"},"canonical":"https:\/\/fontmartel.com\/en\/politique-de-confidentialite\/","og_locale":"en_US","og_type":"article","og_title":"Politique de confidentialit\u00e9 - G\u00eete et Cabanes en C\u00e9vennes - Font Martel","og_description":"Qui sommes-nous\u00a0? G\u00eete et Cabanes FONT MARTEL l\u2019adresse de notre site est : https:\/\/fontmartel.com. Cookies Si vous vous rendez sur le site un cookie sera cr\u00e9\u00e9,\u00a0 si vous cochez \u00ab J&rsquo;accepte \u00bb, un cookie Google Analytics\u00a0 suppl\u00e9mentaire sera enregistr\u00e9 dans votre navigateur. Ce cookie sera conserv\u00e9 pendant un mois, sinon il sera effac\u00e9. Contenu embarqu\u00e9 &hellip; Continue reading \"Politique de confidentialit\u00e9\"","og_url":"https:\/\/fontmartel.com\/en\/politique-de-confidentialite\/","og_site_name":"G\u00eete et Cabanes en C\u00e9vennes - Font Martel","twitter_card":"summary_large_image","twitter_misc":{"Est. reading time":"3 minutes"},"schema":{"@context":"https:\/\/schema.org","@graph":[{"@type":"WebPage","@id":"https:\/\/fontmartel.com\/politique-de-confidentialite\/","url":"https:\/\/fontmartel.com\/politique-de-confidentialite\/","name":"Politique de confidentialit\u00e9 - G\u00eete et Cabanes en C\u00e9vennes - Font Martel","isPartOf":{"@id":"https:\/\/fontmartel.com\/#website"},"datePublished":"2021-08-30T15:01:06+00:00","breadcrumb":{"@id":"https:\/\/fontmartel.com\/politique-de-confidentialite\/#breadcrumb"},"inLanguage":"en-US","potentialAction":[{"@type":"ReadAction","target":["https:\/\/fontmartel.com\/politique-de-confidentialite\/"]}]},{"@type":"BreadcrumbList","@id":"https:\/\/fontmartel.com\/politique-de-confidentialite\/#breadcrumb","itemListElement":[{"@type":"ListItem","position":1,"name":"Accueil","item":"https:\/\/fontmartel.com\/"},{"@type":"ListItem","position":2,"name":"Politique de confidentialit\u00e9"}]},{"@type":"WebSite","@id":"https:\/\/fontmartel.com\/#website","url":"https:\/\/fontmartel.com\/","name":"G\u00eete et Cabanes en C\u00e9vennes - Font Martel","description":"s\u00e9jour insolite en couple dans parc national des C\u00e9vennes","publisher":{"@id":"https:\/\/fontmartel.com\/#organization"},"potentialAction":[{"@type":"SearchAction","target":{"@type":"EntryPoint","urlTemplate":"https:\/\/fontmartel.com\/?s={search_term_string}"},"query-input":{"@type":"PropertyValueSpecification","valueRequired":true,"valueName":"search_term_string"}}],"inLanguage":"en-US"},{"@type":"Organization","@id":"https:\/\/fontmartel.com\/#organization","name":"Font Martel","alternateName":"Font Martel","url":"https:\/\/fontmartel.com\/","logo":{"@type":"ImageObject","inLanguage":"en-US","@id":"https:\/\/fontmartel.com\/#\/schema\/logo\/image\/","url":"https:\/\/fontmartel.com\/wp-content\/uploads\/2023\/09\/logo-img.png","contentUrl":"https:\/\/fontmartel.com\/wp-content\/uploads\/2023\/09\/logo-img.png","width":87,"height":88,"caption":"Font Martel"},"image":{"@id":"https:\/\/fontmartel.com\/#\/schema\/logo\/image\/"}}]}},"_links":{"self":[{"href":"https:\/\/fontmartel.com\/en\/wp-json\/wp\/v2\/pages\/859","targetHints":{"allow":["GET"]}}],"collection":[{"href":"https:\/\/fontmartel.com\/en\/wp-json\/wp\/v2\/pages"}],"about":[{"href":"https:\/\/fontmartel.com\/en\/wp-json\/wp\/v2\/types\/page"}],"author":[{"embeddable":true,"href":"https:\/\/fontmartel.com\/en\/wp-json\/wp\/v2\/users\/2"}],"replies":[{"embeddable":true,"href":"https:\/\/fontmartel.com\/en\/wp-json\/wp\/v2\/comments?post=859"}],"version-history":[{"count":5,"href":"https:\/\/fontmartel.com\/en\/wp-json\/wp\/v2\/pages\/859\/revisions"}],"predecessor-version":[{"id":864,"href":"https:\/\/fontmartel.com\/en\/wp-json\/wp\/v2\/pages\/859\/revisions\/864"}],"wp:attachment":[{"href":"https:\/\/fontmartel.com\/en\/wp-json\/wp\/v2\/media?parent=859"}],"curies":[{"name":"wp","href":"https:\/\/api.w.org\/{rel}","templated":true}]}}