{"id":87,"date":"2015-02-19T08:10:03","date_gmt":"2015-02-19T07:10:03","guid":{"rendered":"http:\/\/fontmartel.com\/?page_id=87"},"modified":"2015-04-14T22:45:31","modified_gmt":"2015-04-14T21:45:31","slug":"contact","status":"publish","type":"page","link":"https:\/\/fontmartel.com\/en\/contact\/","title":{"rendered":"Contact"},"content":{"rendered":"<p>Bernadette Gros<br \/>\nFont Martel<br \/>\n48160 Saint-Hilaire de Lavit<\/p>\n<p>0033-(0)6 16 07 07 57<\/p>\n\n<div class=\"wpcf7 no-js\" id=\"wpcf7-f165-o1\" lang=\"fr-FR\" dir=\"ltr\" data-wpcf7-id=\"165\">\n<div class=\"screen-reader-response\"><p role=\"status\" aria-live=\"polite\" aria-atomic=\"true\"><\/p> <ul><\/ul><\/div>\n<form action=\"\/en\/wp-json\/wp\/v2\/pages\/87#wpcf7-f165-o1\" method=\"post\" class=\"wpcf7-form init\" aria-label=\"Formulaire de contact\" novalidate=\"novalidate\" data-status=\"init\" data-trp-original-action=\"\/en\/wp-json\/wp\/v2\/pages\/87#wpcf7-f165-o1\">\n<fieldset class=\"hidden-fields-container\"><input type=\"hidden\" name=\"_wpcf7\" value=\"165\" \/><input type=\"hidden\" name=\"_wpcf7_version\" value=\"6.1.2\" \/><input type=\"hidden\" name=\"_wpcf7_locale\" value=\"fr_FR\" \/><input type=\"hidden\" name=\"_wpcf7_unit_tag\" value=\"wpcf7-f165-o1\" \/><input type=\"hidden\" name=\"_wpcf7_container_post\" value=\"0\" \/><input type=\"hidden\" name=\"_wpcf7_posted_data_hash\" value=\"\" \/>\n<\/fieldset>\n<p>Votre nom (obligatoire)\n<\/p>\n<p><span class=\"wpcf7-form-control-wrap\" data-name=\"your-name\"><input size=\"40\" maxlength=\"400\" class=\"wpcf7-form-control wpcf7-text wpcf7-validates-as-required\" aria-required=\"true\" aria-invalid=\"false\" value=\"\" type=\"text\" name=\"your-name\" \/><\/span>\n<\/p>\n<p>Votre email (obligatoire)\n<\/p>\n<p><span class=\"wpcf7-form-control-wrap\" data-name=\"your-email\"><input size=\"40\" maxlength=\"400\" class=\"wpcf7-form-control wpcf7-email wpcf7-validates-as-required wpcf7-text wpcf7-validates-as-email\" aria-required=\"true\" aria-invalid=\"false\" value=\"\" type=\"email\" name=\"your-email\" \/><\/span>\n<\/p>\n<p>Sujet\n<\/p>\n<p><span class=\"wpcf7-form-control-wrap\" data-name=\"your-subject\"><input size=\"40\" maxlength=\"400\" class=\"wpcf7-form-control wpcf7-text\" aria-invalid=\"false\" value=\"\" type=\"text\" name=\"your-subject\" \/><\/span>\n<\/p>\n<p>Votre message\n<\/p>\n<p><span class=\"wpcf7-form-control-wrap\" data-name=\"your-message\"><textarea cols=\"40\" rows=\"10\" maxlength=\"2000\" class=\"wpcf7-form-control wpcf7-textarea\" aria-invalid=\"false\" name=\"your-message\"><\/textarea><\/span>\n<\/p>\n<p><div id=\"cf7sr-69f5647ee72c6\" class=\"cf7sr-g-recaptcha\" data-theme=\"light\" data-type=\"image\" data-size=\"normal\" data-sitekey=\"6LexfoIbAAAAAGRd2Ammkn6SC3OWhXEnLn9EDNV0\"><\/div><span class=\"wpcf7-form-control-wrap cf7sr-recaptcha\" data-name=\"cf7sr-recaptcha\"><input type=\"hidden\" name=\"cf7sr-recaptcha\" value=\"\" class=\"wpcf7-form-control\"><\/span>\n<\/p>\n<p><input class=\"wpcf7-form-control wpcf7-submit has-spinner\" type=\"submit\" value=\"Envoyer\" \/>\n<\/p><p style=\"display: none !important;\" class=\"akismet-fields-container\" data-prefix=\"_wpcf7_ak_\"><label>&#916;<textarea name=\"_wpcf7_ak_hp_textarea\" cols=\"45\" rows=\"8\" maxlength=\"100\"><\/textarea><\/label><input type=\"hidden\" id=\"ak_js_1\" name=\"_wpcf7_ak_js\" value=\"90\"\/><script>document.getElementById( \"ak_js_1\" ).setAttribute( \"value\", ( new Date() ).getTime() );<\/script><\/p><div class=\"wpcf7-response-output\" aria-hidden=\"true\"><\/div>\n<input type=\"hidden\" name=\"trp-form-language\" value=\"en\"\/><\/form>\n<\/div>","protected":false},"excerpt":{"rendered":"<p>Bernadette Gros Font Martel 48160 Saint-Hilaire de Lavit 0033-(0)6 16 07 07 57<\/p>","protected":false},"author":2,"featured_media":0,"parent":0,"menu_order":0,"comment_status":"closed","ping_status":"closed","template":"","meta":{"footnotes":""},"class_list":["post-87","page","type-page","status-publish","hentry"],"yoast_head":"<!-- This site is optimized with the Yoast SEO plugin v26.0 - https:\/\/yoast.com\/wordpress\/plugins\/seo\/ -->\n<title>Contact - G\u00eete et Cabanes en C\u00e9vennes - Font Martel<\/title>\n<meta name=\"robots\" content=\"index, follow, max-snippet:-1, max-image-preview:large, max-video-preview:-1\" \/>\n<link rel=\"canonical\" href=\"https:\/\/fontmartel.com\/en\/contact\/\" \/>\n<meta property=\"og:locale\" content=\"en_US\" \/>\n<meta property=\"og:type\" content=\"article\" \/>\n<meta property=\"og:title\" content=\"Contact - G\u00eete et Cabanes en C\u00e9vennes - Font Martel\" \/>\n<meta property=\"og:description\" content=\"Bernadette Gros Font Martel 48160 Saint-Hilaire de Lavit 0033-(0)6 16 07 07 57\" \/>\n<meta property=\"og:url\" content=\"https:\/\/fontmartel.com\/en\/contact\/\" \/>\n<meta property=\"og:site_name\" content=\"G\u00eete et Cabanes en C\u00e9vennes - Font Martel\" \/>\n<meta property=\"article:modified_time\" content=\"2015-04-14T21:45:31+00:00\" \/>\n<meta name=\"twitter:card\" content=\"summary_large_image\" \/>\n<script type=\"application\/ld+json\" class=\"yoast-schema-graph\">{\"@context\":\"https:\/\/schema.org\",\"@graph\":[{\"@type\":\"WebPage\",\"@id\":\"https:\/\/fontmartel.com\/contact\/\",\"url\":\"https:\/\/fontmartel.com\/contact\/\",\"name\":\"Contact - G\u00eete et Cabanes en C\u00e9vennes - Font Martel\",\"isPartOf\":{\"@id\":\"https:\/\/fontmartel.com\/#website\"},\"datePublished\":\"2015-02-19T07:10:03+00:00\",\"dateModified\":\"2015-04-14T21:45:31+00:00\",\"breadcrumb\":{\"@id\":\"https:\/\/fontmartel.com\/contact\/#breadcrumb\"},\"inLanguage\":\"en-US\",\"potentialAction\":[{\"@type\":\"ReadAction\",\"target\":[\"https:\/\/fontmartel.com\/contact\/\"]}]},{\"@type\":\"BreadcrumbList\",\"@id\":\"https:\/\/fontmartel.com\/contact\/#breadcrumb\",\"itemListElement\":[{\"@type\":\"ListItem\",\"position\":1,\"name\":\"Accueil\",\"item\":\"https:\/\/fontmartel.com\/\"},{\"@type\":\"ListItem\",\"position\":2,\"name\":\"Contact\"}]},{\"@type\":\"WebSite\",\"@id\":\"https:\/\/fontmartel.com\/#website\",\"url\":\"https:\/\/fontmartel.com\/\",\"name\":\"G\u00eete et Cabanes en C\u00e9vennes - Font Martel\",\"description\":\"s\u00e9jour insolite en couple dans parc national des C\u00e9vennes\",\"publisher\":{\"@id\":\"https:\/\/fontmartel.com\/#organization\"},\"potentialAction\":[{\"@type\":\"SearchAction\",\"target\":{\"@type\":\"EntryPoint\",\"urlTemplate\":\"https:\/\/fontmartel.com\/?s={search_term_string}\"},\"query-input\":{\"@type\":\"PropertyValueSpecification\",\"valueRequired\":true,\"valueName\":\"search_term_string\"}}],\"inLanguage\":\"en-US\"},{\"@type\":\"Organization\",\"@id\":\"https:\/\/fontmartel.com\/#organization\",\"name\":\"Font Martel\",\"alternateName\":\"Font Martel\",\"url\":\"https:\/\/fontmartel.com\/\",\"logo\":{\"@type\":\"ImageObject\",\"inLanguage\":\"en-US\",\"@id\":\"https:\/\/fontmartel.com\/#\/schema\/logo\/image\/\",\"url\":\"https:\/\/fontmartel.com\/wp-content\/uploads\/2023\/09\/logo-img.png\",\"contentUrl\":\"https:\/\/fontmartel.com\/wp-content\/uploads\/2023\/09\/logo-img.png\",\"width\":87,\"height\":88,\"caption\":\"Font Martel\"},\"image\":{\"@id\":\"https:\/\/fontmartel.com\/#\/schema\/logo\/image\/\"}}]}<\/script>\n<!-- \/ Yoast SEO plugin. -->","yoast_head_json":{"title":"Contact - G\u00eete et Cabanes en C\u00e9vennes - Font Martel","robots":{"index":"index","follow":"follow","max-snippet":"max-snippet:-1","max-image-preview":"max-image-preview:large","max-video-preview":"max-video-preview:-1"},"canonical":"https:\/\/fontmartel.com\/en\/contact\/","og_locale":"en_US","og_type":"article","og_title":"Contact - G\u00eete et Cabanes en C\u00e9vennes - Font Martel","og_description":"Bernadette Gros Font Martel 48160 Saint-Hilaire de Lavit 0033-(0)6 16 07 07 57","og_url":"https:\/\/fontmartel.com\/en\/contact\/","og_site_name":"G\u00eete et Cabanes en C\u00e9vennes - Font Martel","article_modified_time":"2015-04-14T21:45:31+00:00","twitter_card":"summary_large_image","schema":{"@context":"https:\/\/schema.org","@graph":[{"@type":"WebPage","@id":"https:\/\/fontmartel.com\/contact\/","url":"https:\/\/fontmartel.com\/contact\/","name":"Contact - G\u00eete et Cabanes en C\u00e9vennes - Font Martel","isPartOf":{"@id":"https:\/\/fontmartel.com\/#website"},"datePublished":"2015-02-19T07:10:03+00:00","dateModified":"2015-04-14T21:45:31+00:00","breadcrumb":{"@id":"https:\/\/fontmartel.com\/contact\/#breadcrumb"},"inLanguage":"en-US","potentialAction":[{"@type":"ReadAction","target":["https:\/\/fontmartel.com\/contact\/"]}]},{"@type":"BreadcrumbList","@id":"https:\/\/fontmartel.com\/contact\/#breadcrumb","itemListElement":[{"@type":"ListItem","position":1,"name":"Accueil","item":"https:\/\/fontmartel.com\/"},{"@type":"ListItem","position":2,"name":"Contact"}]},{"@type":"WebSite","@id":"https:\/\/fontmartel.com\/#website","url":"https:\/\/fontmartel.com\/","name":"G\u00eete et Cabanes en C\u00e9vennes - Font Martel","description":"s\u00e9jour insolite en couple dans parc national des C\u00e9vennes","publisher":{"@id":"https:\/\/fontmartel.com\/#organization"},"potentialAction":[{"@type":"SearchAction","target":{"@type":"EntryPoint","urlTemplate":"https:\/\/fontmartel.com\/?s={search_term_string}"},"query-input":{"@type":"PropertyValueSpecification","valueRequired":true,"valueName":"search_term_string"}}],"inLanguage":"en-US"},{"@type":"Organization","@id":"https:\/\/fontmartel.com\/#organization","name":"Font Martel","alternateName":"Font Martel","url":"https:\/\/fontmartel.com\/","logo":{"@type":"ImageObject","inLanguage":"en-US","@id":"https:\/\/fontmartel.com\/#\/schema\/logo\/image\/","url":"https:\/\/fontmartel.com\/wp-content\/uploads\/2023\/09\/logo-img.png","contentUrl":"https:\/\/fontmartel.com\/wp-content\/uploads\/2023\/09\/logo-img.png","width":87,"height":88,"caption":"Font Martel"},"image":{"@id":"https:\/\/fontmartel.com\/#\/schema\/logo\/image\/"}}]}},"_links":{"self":[{"href":"https:\/\/fontmartel.com\/en\/wp-json\/wp\/v2\/pages\/87","targetHints":{"allow":["GET"]}}],"collection":[{"href":"https:\/\/fontmartel.com\/en\/wp-json\/wp\/v2\/pages"}],"about":[{"href":"https:\/\/fontmartel.com\/en\/wp-json\/wp\/v2\/types\/page"}],"author":[{"embeddable":true,"href":"https:\/\/fontmartel.com\/en\/wp-json\/wp\/v2\/users\/2"}],"replies":[{"embeddable":true,"href":"https:\/\/fontmartel.com\/en\/wp-json\/wp\/v2\/comments?post=87"}],"version-history":[{"count":16,"href":"https:\/\/fontmartel.com\/en\/wp-json\/wp\/v2\/pages\/87\/revisions"}],"predecessor-version":[{"id":291,"href":"https:\/\/fontmartel.com\/en\/wp-json\/wp\/v2\/pages\/87\/revisions\/291"}],"wp:attachment":[{"href":"https:\/\/fontmartel.com\/en\/wp-json\/wp\/v2\/media?parent=87"}],"curies":[{"name":"wp","href":"https:\/\/api.w.org\/{rel}","templated":true}]}}